{"id":992,"date":"2024-09-02T13:48:14","date_gmt":"2024-09-02T11:48:14","guid":{"rendered":"http:\/\/escrimelrsy.fr\/?page_id=992"},"modified":"2024-09-02T13:50:24","modified_gmt":"2024-09-02T11:50:24","slug":"guide-du-debutant-faq","status":"publish","type":"page","link":"https:\/\/escrimelrsy.fr\/index.php\/guide-du-debutant-faq\/","title":{"rendered":"GUIDE du D\u00e9butant &#8211; FAQ"},"content":{"rendered":"\n<p><strong>GUIDE DE RENTR\u00c9E DU D\u00c9BUTANT<\/strong><\/p>\n\n\n\n<p>Bienvenue au Cercle d\u2019Escrime Bast\u2019Yon&nbsp;!<\/p>\n\n\n\n<p>Vous \u00eates d\u00e9butant, nouvel adh\u00e9rent, en s\u00e9ances d\u2019essai\u2026<\/p>\n\n\n\n<p>\u2026 alors vous avez sans doute des questions sur le modus operandi du club (comment s\u2019inscrire, quand faire ses s\u00e9ances d\u2019essais, quel \u00e9quipement, etc.)&nbsp;!<\/p>\n\n\n\n<p>Ce petit guide est l\u00e0 pour vous afin de vous expliquer au mieux comment proc\u00e9der&nbsp;!<\/p>\n\n\n\n<p><strong>PUIS-JE FAIRE DES S\u00c9ANCES D\u2019ESSAI AVANT DE M\u2019INSCRIRE&nbsp;?<\/strong><\/p>\n\n\n\n<p>Bien entendu&nbsp;! Quelque soit votre \u00e2ge, votre niveau de pratique (d\u00e9butant complet, mutation de club, reprise de l\u2019escrime apr\u00e8s une ou plusieurs ann\u00e9es d\u2019interruption, etc.), ou la discipline choisie, vous disposez de 2 s\u00e9ances d\u2019essai GRATUITES pour d\u00e9couvrir si la discipline et le club vous conviennent&nbsp;!<\/p>\n\n\n\n<p>Pas besoin de se pr\u00e9-inscrire pour faire vos s\u00e9ances d\u2019essai, il vous suffit de venir aux jours et horaires d\u2019entra\u00eenement correspondant \u00e0 votre cat\u00e9gorie (voir le planning hebdomadaire pour trouver vos s\u00e9ances).<\/p>\n\n\n\n<p>Pr\u00e9voyez simplement une tenue de sport adapt\u00e9e (surv\u00eatement ou bermuda en fonction des temp\u00e9ratures, et une bouteille d\u2019eau)&nbsp;;<\/p>\n\n\n\n<p>A l\u2019issue de vos 2 s\u00e9ances, le ma\u00eetre d\u2019armes ou un membre du comit\u00e9 directeur se rapprochera de vous pour vous notifier la n\u00e9cessit\u00e9 de vous inscrire si vous souhaitez poursuivre la saison.<\/p>\n\n\n\n<p>***<\/p>\n\n\n\n<p><strong>PUIS-JE M\u2019INSCRIRE A TOUT MOMENT DE L\u2019ANN\u00c9E&nbsp;?<\/strong><\/p>\n\n\n\n<p>Oui&nbsp;! Nous acceptons les inscriptions toute la saison sportive de septembre \u00e0 juin. Le montant de la cotisation sera adapt\u00e9 en fonction du temps restant jusqu\u2019\u00e0 la fin de saison.<\/p>\n\n\n\n<p>***<\/p>\n\n\n\n<p><strong>QUAND ONT LIEU LES ENTRA\u00ceNEMENTS ET A QUELLE HEURE&nbsp;?<\/strong><\/p>\n\n\n\n<p>Rien, de plus simple, il vous suffit de consulter le planning hebdomadaire des entra\u00eenements disponible sur notre site et affich\u00e9 en salle d\u2019armes&nbsp;!<\/p>\n\n\n\n<p>Les cat\u00e9gories y sont notifi\u00e9es en CGI (Cat\u00e9gories G\u00e9n\u00e9riques Internationales), qui sont utilis\u00e9es aujourd\u2019hui par le F\u00e9d\u00e9ration Fran\u00e7aise d\u2019Escrime&nbsp;: M7, M15, M20, etc.<\/p>\n\n\n\n<p>Le \u00ab&nbsp;M&nbsp;\u00bb signifie \u00ab&nbsp;Moins de..&nbsp;\u00bb , et la valeur attenante l\u2019\u00e2ge concern\u00e9. Par exemple, M15 = \u00ab&nbsp;Moins de 15 ans&nbsp;\u00bb \/ M9 = \u00ab&nbsp;Moins de 9 ans&nbsp;\u00bb.<\/p>\n\n\n\n<p>Si vous avez par exemple 17 ans r\u00e9volus, votre cat\u00e9gorie est \u00ab&nbsp;M20 \u2013 Moins de 20 ans&nbsp;\u00bb, et non pas \u00ab&nbsp;M17 \u2013 Moins de 17 ans&nbsp;\u00bb&nbsp;; en revanche, si vous avez 16 ans, votre cat\u00e9gorie est bien \u00ab&nbsp;M17&nbsp;\u00bb, puisque moins de 17 ans.<\/p>\n\n\n\n<p>A partir de 20 ans r\u00e9volus, vous \u00eates en cat\u00e9gorie \u00ab&nbsp;Seniors&nbsp;\u00bb, et \u00e0 partir de 40 ans, en cat\u00e9gorie \u00ab&nbsp;V\u00e9t\u00e9rans&nbsp;\u00bb&nbsp;!<\/p>\n\n\n\n<p>Comme vous pourrez le constater sur notre planning hebdomadaire, les cours regroupent la plupart du temps deux ou trois cat\u00e9gories.<\/p>\n\n\n\n<p>***<\/p>\n\n\n\n<p><strong>PUIS-JE PRATIQUER A TOUT AGE&nbsp;?<\/strong><\/p>\n\n\n\n<p>En escrime sportive, vous pouvez pratiquer d\u00e8s l\u2019\u00e2ge de 5 ans.<\/p>\n\n\n\n<p>En Sabre Laser, \u00e0 partir de 12 ans&nbsp;;<\/p>\n\n\n\n<p>En Escrime Historique (AMHE), \u00e0 partir de 15 ans<\/p>\n\n\n\n<p>La section RIPOSTE est ouverte \u00e0 tout \u00e2ge, et est r\u00e9serv\u00e9e aux femmes atteintes ou ayant \u00e9t\u00e9 atteintes d\u2019un cancer du sein. Il s\u2019agit d\u2019un atelier sport-sant\u00e9 th\u00e9rapeutique sp\u00e9cifique.<\/p>\n\n\n\n<p>***<\/p>\n\n\n\n<p><strong>DOIS-JE ACHETER DU MAT\u00c9RIEL, ET LEQUEL&nbsp;?<\/strong><\/p>\n\n\n\n<p>\u2192 Escrime Sportive&nbsp;:<\/p>\n\n\n\n<p>Inutile d\u2019acheter une tenue compl\u00e8te d\u2019escrime, le club vous propose les \u00e9l\u00e9ments suivants \u00e0 la location&nbsp;: veste + pantacourt + masque. Ces \u00e9quipements sont obligatoires pour la pratique. Ils vous serons pr\u00eat\u00e9s gratuitement pendant vos s\u00e9ances d\u2019essai, mais devront \u00eatre lou\u00e9s si vous vous inscrivez. Bien \u00e9videmment, si vous pr\u00e9f\u00e9rez acheter votre propre tenue et votre propre masque, le choix vous appartient (renseignez-vous aupr\u00e8s du ma\u00eetre d\u2019armes pour les tailles, les normes de protection et le type de protection \u00e0 choisir en fonction de l\u2019arme que vous souhaitez pratiquer)&nbsp;!<\/p>\n\n\n\n<p>Les armes sont \u00e0 disposition gratuitement dans le r\u00e2telier du club, il vous suffit de les ranger \u00e0 leur place \u00e0 la fin de chaque entra\u00eenements. Si vous pr\u00e9f\u00e9rez toutefois avoir une arme personnalis\u00e9e qui vous accompagnera toute la saison, vous pouvez en louer-une au club \u00e0 l\u2019ann\u00e9e. Vous pourrez ainsi la garder chez vous et venir avec \u00e0 chaque entra\u00eenement.<\/p>\n\n\n\n<p><em><u>LE TARIF DES LOCATIONS EST DISPONIBLE SUR NOTRE SITE INTERNET&nbsp;!<\/u><\/em><\/p>\n\n\n\n<p>Pour l\u2019escrime sportive, quel que soit l\u2019\u00e2ge, il vous faudra investir dans quelques achats obligatoires&nbsp;:<\/p>\n\n\n\n<p>1- une paire de chaussettes montantes (soit sp\u00e9cifique Escrime, soit type football \/ rugby)<\/p>\n\n\n\n<p>2- un gant d\u2019escrime (un seul&nbsp;! Seule la main arm\u00e9e de l\u2019escrimeur est couverte d\u2019un gant). Vous pouvez en commander au club lors de votre inscription. Un gant vous sera tout de m\u00eame pr\u00eat\u00e9 pendant vos s\u00e9ances d\u2019essai.<\/p>\n\n\n\n<p>3- pour les dames, \u00e0 partir de 13 ans, un bustier en plastique. Vous pouvez en commander aupr\u00e8s du club ou en rayon \u00ab&nbsp;sport de combat&nbsp;\u00bb dans une enseigne de sport tel que D\u00e9cathlon. Un bustier vous sera tout de m\u00eame pr\u00eat\u00e9 pendant vos s\u00e9ances d\u2019essai.<\/p>\n\n\n\n<p>COMP\u00c9TITEURS&nbsp;:<\/p>\n\n\n\n<p>Tous les escrimeurs du club pr\u00e9voyant de faire de la comp\u00e9tition doivent porter les couleurs du club \u00e0 l\u2019ext\u00e9rieur. Ainsi, si vous participez \u00e0 une comp\u00e9tition, quel que soit votre \u00e2ge et le niveau de comp\u00e9tition envisag\u00e9 (d\u00e9partemental, r\u00e9gional, national, challenge, etc.), vous devez pr\u00e9alablement penser \u00e0 acqu\u00e9rir votre propre sweat-shirt au couleurs du CEBY. Vous pouvez trouver le formulaire de commande sur notre site internet.<\/p>\n\n\n\n<p>\u2192 Sabre Laser<\/p>\n\n\n\n<p>Aucune location n\u2019est n\u00e9cessaire, le mat\u00e9riel est pr\u00eat\u00e9. Si vous le pr\u00e9f\u00e9rez, vous pouvez tout de m\u00eame louer un sabre laser et \/ ou un masque, le choix vous appartient&nbsp;!<\/p>\n\n\n\n<p>\u2192 Escrime Historique (AMHE)<\/p>\n\n\n\n<p>Seule la location d\u2019un masque est obligatoire. Le reste du mat\u00e9riel est pr\u00eat\u00e9.<\/p>\n\n\n\n<p>\u2192 RIPOSTE (Sport-sant\u00e9)<\/p>\n\n\n\n<p>La totalit\u00e9 du mat\u00e9riel est pr\u00eat\u00e9 gratuitement la premi\u00e8re ann\u00e9e de pratique&nbsp;!<\/p>\n\n\n\n<p>A partir de la deuxi\u00e8me ann\u00e9e de pratique (renouvellement d\u2019inscription), vous devrez louer un masque, un bustier, et une veste d\u2019escrime.<\/p>\n\n\n\n<p>L\u2019achat d\u2019un gant d\u2019escrime n\u2019est pas obligatoire, mais le port si. Nous pouvons vous en pr\u00eater un, mais par soucis d\u2019hygi\u00e8ne, l\u2019achat est tout de m\u00eame fortement recommand\u00e9.<\/p>\n\n\n\n<p>***<\/p>\n\n\n\n<p><strong>DOIS-JE PRODUIRE UN CERTIFICAT M\u00c9DICAL&nbsp;LORS DE MON INSCRIPTION ?<\/strong><\/p>\n\n\n\n<p>Le cas varie en fonction des situations suivantes&nbsp;:<\/p>\n\n\n\n<p>\u2192 Si vous \u00eates mineur, comp\u00e9titeur ou non&nbsp;: <em><u>AUCUN CERTIFICAT M\u00c9DICAL<\/u><\/em> n\u00e9cessaire<\/p>\n\n\n\n<p>\u2192 Mineur avec simple surclassement (vous pr\u00e9voyez de faire de faire de la comp\u00e9tition dans la cat\u00e9gorie imm\u00e9diatement sup\u00e9rieure \u00e0 la v\u00f4tre, ex&nbsp;: vous \u00eates M15 et pr\u00e9voyez de faire une ou plusieurs comp\u00e9titions cette saison en M17)&nbsp;: <em>CERTIFICAT M\u00c9DICAL AVEC SIMPLE SURCLASSEMENT OBLIGATOIRE.<\/em><\/p>\n\n\n\n<p><em>Note&nbsp;: le simple surclassement est possible \u00e0 partir de la cat\u00e9gorie M11 uniquement<\/em><\/p>\n\n\n\n<p>\u2192 Mineur avec double surclassement (vous pr\u00e9voyez de faire de la comp\u00e9tition dans les 2 cat\u00e9gories sup\u00e9rieures \u00e0 la v\u00f4tre, ex&nbsp;: M15 souhaitant particip\u00e9 ou \u00e9tant s\u00e9lectionn\u00e9 \u00e0 une comp\u00e9tition M20)&nbsp;: <em>CERTIFICAT M\u00c9DICAL AVEC DOUBLE SURCLASSEMENT OBLIGATOIRE.<\/em><\/p>\n\n\n\n<p><em>Note&nbsp;: le double surclassement n\u2019est possible QUE pour les cat\u00e9gories M15 et M17, et ne donne acc\u00e8s \u00e0 une comp\u00e9tition en double surclassement qu\u2019une seule fois par saison sportive.<\/em><\/p>\n\n\n\n<p><em>\u2192 <\/em>Majeur, de 18 \u00e0 39 ans&nbsp;: <em>CERTIFICAT <\/em><em>M\u00c9DICAL<\/em><em> OBLIGATOIRE<\/em> s\u2019il s\u2019agit de votre premi\u00e8re inscription (la cr\u00e9ation d\u2019une licence f\u00e9d\u00e9rale d\u2019escrime pour les majeurs n\u00e9cessite la production d\u2019un certificat d\u2019absence de contre-indication \u00e0 la pratique de l\u2019escrime).<\/p>\n\n\n\n<p><em>Note&nbsp;: si vous \u00eates en renouvellement d\u2019inscription ou poss\u00e9dez d\u00e9j\u00e0 une licence f\u00e9d\u00e9rale, votre certificat m\u00e9dical est valable 3 ans. Vous devez donc en reproduire un nouveau lorsqu\u2019il arrive \u00e0 \u00e9ch\u00e9ance.<\/em><\/p>\n\n\n\n<p><em>\u2192 <\/em>Majeur, de 40 \u00e0 64 ans&nbsp;(V\u00e9t\u00e9ran1): <em>CERTIFICAT M\u00c9DICAL OBLIGATOIRE <\/em>uniquements\u2019il s\u2019agit de votre premi\u00e8re inscription, que vous pratiquiez en loisir ou en comp\u00e9tition.<\/p>\n\n\n\n<p><em>Note&nbsp;: si vous \u00eates en renouvellement d\u2019inscription ou poss\u00e9dez d\u00e9j\u00e0 une licence f\u00e9d\u00e9rale, votre certificat m\u00e9dical est valable 3 ans. Vous devez donc en reproduire un nouveau lorsqu\u2019il arrive \u00e0 \u00e9ch\u00e9ance.<\/em><\/p>\n\n\n\n<p>\u2192 Majeur, \u00e0 partir de 65 ans (V\u00e9t\u00e9rans 2 et 3)&nbsp;: <em>CERTIFICAT M\u00c9DICAL OBLIGATOIRE <\/em><em>TOUS LES ANS, <\/em>que vous pratiquiez en loisir ou en comp\u00e9tition.<\/p>\n\n\n\n<p><strong>Tous les cas pr\u00e9c\u00e9demment cit\u00e9s s\u2019entendent pour l\u2019escrime sportive, le sabre laser et l\u2019escrime historique (AMHE)&nbsp;!<\/strong><\/p>\n\n\n\n<p>\u2192 RIPOSTE (Sport-sant\u00e9), quel que soit l\u2019\u00e2ge&nbsp;: <em>CERTIFICAT M\u00c9DICAL OBLIGATOIRE TOUS LES ANS<\/em><\/p>\n\n\n\n<p><em><strong>ATTENTION&nbsp;!<\/strong><\/em><\/p>\n\n\n\n<p><strong>TOUS les certificats m\u00e9dicaux \u00e0 produire doivent l\u2019\u00eatre en utilisant le mod\u00e8le-type fournit par la F\u00e9d\u00e9ration Fran\u00e7aise d\u2019Escrime&nbsp;!<\/strong><\/p>\n\n\n\n<p><strong>Dor\u00e9navant, le r\u00e8glement f\u00e9d\u00e9ral n\u2019autorise plus les certificats m\u00e9dicaux sur papier libre effectu\u00e9s par un m\u00e9decin&nbsp;: vous devez imp\u00e9rativement faire remplir par votre m\u00e9decin le mod\u00e8le-type de certificat m\u00e9dical FFE correspondant \u00e0 votre situation.<\/strong><\/p>\n\n\n\n<p><strong>Il existe un mod\u00e8le-type pour chaque cas (mineurs, simple surclassement, majeur, v\u00e9t\u00e9rans, sport-sant\u00e9, etc.)<\/strong><\/p>\n\n\n\n<p><strong>Tous ces mod\u00e8les de certificat m\u00e9dicaux sont disponibles en t\u00e9l\u00e9chargement sur notre site internet du CEBY, ou \u00e0 l\u2019adresse suivante\u00a0:<\/strong> <a href=\"https:\/\/www.ffescrime.fr\/media-documents\/\">https:\/\/www.ffescrime.fr\/media-documents\/<\/a><\/p>\n\n\n\n<p><strong>***<\/strong><\/p>\n\n\n\n<p><strong>COMMENT DOIS-JE M\u2019INSCRIRE&nbsp;?<\/strong><\/p>\n\n\n\n<p>Notre formulaire d\u2019inscription se remplit en ligne depuis notre site internet.<\/p>\n\n\n\n<p>Il vous suffit de vous laisser guider par le formulaire.<\/p>\n\n\n\n<p>Pour que votre inscription soit valide, votre formulaire doit \u00eatre INT\u00c9GRALEMENT rempli (une notification par mail vous sera envoy\u00e9e pour prouver et certifier que votre inscription a bien \u00e9t\u00e9 enregistr\u00e9e).<\/p>\n\n\n\n<p>Attention&nbsp;: selon votre cas, si un certificat m\u00e9dical est n\u00e9cessaire, une copie devra \u00eatre jointe au formulaire d\u2019inscription (celui-ci vous proposera un lien pour d\u00e9poser votre certificat m\u00e9dical). Vous pouvez \u00e9galement d\u00e9poser physiquement votre certificat m\u00e9dical au club, aupr\u00e8s d\u2019un membre du comit\u00e9 directeur, lors d\u2019une permanence administrative, ou aupr\u00e8s d\u2019un r\u00e9f\u00e9rent de section.<\/p>\n\n\n\n<p>Une inscription n\u2019est pas compl\u00e8te tant que le certificat m\u00e9dical, s\u2019il est n\u00e9cessaire, n\u2019a pas \u00e9t\u00e9 fourni&nbsp;!<\/p>\n\n\n\n<p><em><u>Note&nbsp;: \u00e0 l\u2019issue de vos s\u00e9ances d\u2019essai, et pour des raisons de conformit\u00e9 aux obligations r\u00e9glementaires et d\u2019assurance f\u00e9d\u00e9rale, vous ne serez pas autoris\u00e9 \u00e0 suivre les entra\u00eenement tant que vous ne serez pas inscrit et membre du club (formulaire d\u2019inscription enti\u00e8rement compl\u00e9t\u00e9 + certificat m\u00e9dical d\u00e9pos\u00e9 si n\u00e9cessaire).<\/u><\/em><\/p>\n\n\n\n<p>***<\/p>\n\n\n\n<p><strong>QUEL EST LE TARIF DE MON INSCRIPTION ET COMMENT DOIS-JE R\u00c9GLER MA COTISATION&nbsp;?<\/strong><\/p>\n\n\n\n<p>Les tarifs sont consultables, par cat\u00e9gories, sur notre site internet.<\/p>\n\n\n\n<p>Le paiement s\u2019effectue en ligne de mani\u00e8re s\u00e9curis\u00e9e, il vous suffit de suivre le lien propos\u00e9 par le formulaire d\u2019inscription.<\/p>\n\n\n\n<p>Un paiement en 4 fois est propos\u00e9 par le club.<\/p>\n\n\n\n<figure class=\"wp-block-image size-large\"><img fetchpriority=\"high\" decoding=\"async\" width=\"1024\" height=\"492\" src=\"http:\/\/escrimelrsy.fr\/wp-content\/uploads\/2020\/09\/toutes-1024x492.png\" alt=\"\" class=\"wp-image-114\" srcset=\"https:\/\/escrimelrsy.fr\/wp-content\/uploads\/2020\/09\/toutes-1024x492.png 1024w, https:\/\/escrimelrsy.fr\/wp-content\/uploads\/2020\/09\/toutes-300x144.png 300w, https:\/\/escrimelrsy.fr\/wp-content\/uploads\/2020\/09\/toutes-768x369.png 768w, https:\/\/escrimelrsy.fr\/wp-content\/uploads\/2020\/09\/toutes-1536x737.png 1536w, https:\/\/escrimelrsy.fr\/wp-content\/uploads\/2020\/09\/toutes-2048x983.png 2048w, https:\/\/escrimelrsy.fr\/wp-content\/uploads\/2020\/09\/toutes-2x1.png 2w\" sizes=\"(max-width: 1024px) 100vw, 1024px\" \/><\/figure>\n","protected":false},"excerpt":{"rendered":"<p>GUIDE DE RENTR\u00c9E DU D\u00c9BUTANT Bienvenue au Cercle d\u2019Escrime Bast\u2019Yon&nbsp;! Vous \u00eates d\u00e9butant, nouvel adh\u00e9rent, en s\u00e9ances d\u2019essai\u2026 \u2026 alors vous avez sans doute des questions sur le modus operandi du club (comment s\u2019inscrire, quand faire ses s\u00e9ances d\u2019essais, quel \u00e9quipement, etc.)&nbsp;! Ce petit guide est l\u00e0 pour vous afin de vous expliquer au mieux [&hellip;]<\/p>\n","protected":false},"author":3,"featured_media":139,"parent":0,"menu_order":0,"comment_status":"closed","ping_status":"closed","template":"","meta":{"footnotes":""},"class_list":["post-992","page","type-page","status-publish","has-post-thumbnail","hentry"],"_links":{"self":[{"href":"https:\/\/escrimelrsy.fr\/index.php\/wp-json\/wp\/v2\/pages\/992"}],"collection":[{"href":"https:\/\/escrimelrsy.fr\/index.php\/wp-json\/wp\/v2\/pages"}],"about":[{"href":"https:\/\/escrimelrsy.fr\/index.php\/wp-json\/wp\/v2\/types\/page"}],"author":[{"embeddable":true,"href":"https:\/\/escrimelrsy.fr\/index.php\/wp-json\/wp\/v2\/users\/3"}],"replies":[{"embeddable":true,"href":"https:\/\/escrimelrsy.fr\/index.php\/wp-json\/wp\/v2\/comments?post=992"}],"version-history":[{"count":3,"href":"https:\/\/escrimelrsy.fr\/index.php\/wp-json\/wp\/v2\/pages\/992\/revisions"}],"predecessor-version":[{"id":995,"href":"https:\/\/escrimelrsy.fr\/index.php\/wp-json\/wp\/v2\/pages\/992\/revisions\/995"}],"wp:featuredmedia":[{"embeddable":true,"href":"https:\/\/escrimelrsy.fr\/index.php\/wp-json\/wp\/v2\/media\/139"}],"wp:attachment":[{"href":"https:\/\/escrimelrsy.fr\/index.php\/wp-json\/wp\/v2\/media?parent=992"}],"curies":[{"name":"wp","href":"https:\/\/api.w.org\/{rel}","templated":true}]}}