{"id":47,"date":"2023-07-08T23:18:30","date_gmt":"2023-07-08T21:18:30","guid":{"rendered":"http:\/\/escrimelrsy.fr\/?page_id=47"},"modified":"2025-10-06T18:36:47","modified_gmt":"2025-10-06T16:36:47","slug":"horaire","status":"publish","type":"page","link":"https:\/\/escrimelrsy.fr\/index.php\/horaire\/","title":{"rendered":"Tarifs et Horaires"},"content":{"rendered":"\t\t<div data-elementor-type=\"wp-page\" data-elementor-id=\"47\" class=\"elementor elementor-47\">\n\t\t\t\t\t\t<section class=\"elementor-section elementor-top-section elementor-element elementor-element-b5e529f elementor-section-boxed elementor-section-height-default elementor-section-height-default\" data-id=\"b5e529f\" data-element_type=\"section\">\n\t\t\t\t\t\t<div class=\"elementor-container elementor-column-gap-default\">\n\t\t\t\t\t<div class=\"elementor-column elementor-col-100 elementor-top-column elementor-element elementor-element-dfc1592\" data-id=\"dfc1592\" data-element_type=\"column\">\n\t\t\t<div class=\"elementor-widget-wrap elementor-element-populated\">\n\t\t\t\t\t\t<div class=\"elementor-element elementor-element-2fb4cab elementor-widget elementor-widget-text-editor\" data-id=\"2fb4cab\" data-element_type=\"widget\" data-widget_type=\"text-editor.default\">\n\t\t\t\t<div class=\"elementor-widget-container\">\n\t\t\t\t\t\t\t<figure class=\"wp-block-image size-large\"><img fetchpriority=\"high\" decoding=\"async\" width=\"863\" height=\"194\" class=\"wp-image-84\" src=\"http:\/\/escrimelrsy.fr\/wp-content\/uploads\/2020\/09\/image-2.png\" alt=\"\" srcset=\"https:\/\/escrimelrsy.fr\/wp-content\/uploads\/2020\/09\/image-2.png 863w, https:\/\/escrimelrsy.fr\/wp-content\/uploads\/2020\/09\/image-2-300x67.png 300w, https:\/\/escrimelrsy.fr\/wp-content\/uploads\/2020\/09\/image-2-768x173.png 768w, https:\/\/escrimelrsy.fr\/wp-content\/uploads\/2020\/09\/image-2-4x1.png 4w\" sizes=\"(max-width: 863px) 100vw, 863px\" \/><\/figure>\n<p><!-- \/wp:image --><!-- wp:paragraph --><\/p>\n<p>\u00a0<\/p>\t\t\t\t\t\t<\/div>\n\t\t\t\t<\/div>\n\t\t\t\t<div class=\"elementor-element elementor-element-b7795a0 elementor-widget elementor-widget-heading\" data-id=\"b7795a0\" data-element_type=\"widget\" data-widget_type=\"heading.default\">\n\t\t\t\t<div class=\"elementor-widget-container\">\n\t\t\t<h2 class=\"elementor-heading-title elementor-size-default\">Horaires indicatifs pour la saison 2025 - 2026 :<\/h2>\t\t<\/div>\n\t\t\t\t<\/div>\n\t\t\t\t\t<\/div>\n\t\t<\/div>\n\t\t\t\t\t<\/div>\n\t\t<\/section>\n\t\t\t\t<section class=\"elementor-section elementor-top-section elementor-element elementor-element-60d13d9 elementor-section-boxed elementor-section-height-default elementor-section-height-default\" data-id=\"60d13d9\" data-element_type=\"section\">\n\t\t\t\t\t\t<div class=\"elementor-container elementor-column-gap-default\">\n\t\t\t\t\t<div class=\"elementor-column elementor-col-100 elementor-top-column elementor-element elementor-element-fa0a9b5\" data-id=\"fa0a9b5\" data-element_type=\"column\">\n\t\t\t<div class=\"elementor-widget-wrap elementor-element-populated\">\n\t\t\t\t\t\t<div class=\"elementor-element elementor-element-d59b5dd elementor-widget elementor-widget-image\" data-id=\"d59b5dd\" data-element_type=\"widget\" data-widget_type=\"image.default\">\n\t\t\t\t<div class=\"elementor-widget-container\">\n\t\t\t\t\t\t\t\t\t\t\t\t\t<img decoding=\"async\" width=\"654\" height=\"463\" src=\"https:\/\/escrimelrsy.fr\/wp-content\/uploads\/2025\/05\/Calendrier-25-26-1024x725.png\" class=\"attachment-large size-large wp-image-1126\" alt=\"\" srcset=\"https:\/\/escrimelrsy.fr\/wp-content\/uploads\/2025\/05\/Calendrier-25-26-1024x725.png 1024w, https:\/\/escrimelrsy.fr\/wp-content\/uploads\/2025\/05\/Calendrier-25-26-300x212.png 300w, https:\/\/escrimelrsy.fr\/wp-content\/uploads\/2025\/05\/Calendrier-25-26-768x544.png 768w, https:\/\/escrimelrsy.fr\/wp-content\/uploads\/2025\/05\/Calendrier-25-26-1x1.png 1w, https:\/\/escrimelrsy.fr\/wp-content\/uploads\/2025\/05\/Calendrier-25-26.png 1114w\" sizes=\"(max-width: 654px) 100vw, 654px\" \/>\t\t\t\t\t\t\t\t\t\t\t\t\t<\/div>\n\t\t\t\t<\/div>\n\t\t\t\t<div class=\"elementor-element elementor-element-7a17b3df elementor-widget elementor-widget-text-editor\" data-id=\"7a17b3df\" data-element_type=\"widget\" data-widget_type=\"text-editor.default\">\n\t\t\t\t<div class=\"elementor-widget-container\">\n\t\t\t\t\t\t\t<p><!-- wp:paragraph --><!-- \/wp:paragraph --><\/p>\n<p><!-- wp:image {\"id\":84,\"sizeSlug\":\"large\"} --><\/p>\n<p>\u00a0<\/p>\n<p><!-- \/wp:paragraph --><\/p>\n<p><!-- wp:image {\"id\":428,\"sizeSlug\":\"large\"} --><\/p>\n<figure class=\"wp-block-image size-large\"><\/figure>\n<p><!-- \/wp:image --><\/p>\n<p><!-- wp:paragraph --><\/p>\n<h4><strong>Horaires de Le\u00e7on Particuli\u00e8re<\/strong> (25\u20ac\/s\u00e9ances de<strong> 30 minutes<\/strong>) :<\/h4>\n<p><!-- \/wp:paragraph --><\/p>\n<p><!-- wp:table --><\/p>\n<figure class=\"wp-block-table\">\n<table>\n<tbody>\n<tr>\n<td><strong>Jour<\/strong><\/td>\n<td><strong>Salle<\/strong><\/td>\n<td><strong>D\u00e9but du cours<\/strong><\/td>\n<td><strong>Fin du cours<\/strong><\/td>\n<td><strong>Cat\u00e9gories<\/strong><\/td>\n<\/tr>\n<tr>\n<td>Mardi<\/td>\n<td>Rivoli<\/td>\n<td>17h30<\/td>\n<td>19h00<\/td>\n<td>Ouvert \u00e0 toutes les cat\u00e9gories<\/td>\n<\/tr>\n<tr>\n<td>Jeudi<\/td>\n<td>Rivoli<\/td>\n<td>16h30<\/td>\n<td>18h00<\/td>\n<td>Ouvert \u00e0 toutes les cat\u00e9gories<\/td>\n<\/tr>\n<\/tbody>\n<\/table>\n<\/figure>\n<p><!-- \/wp:table --><\/p>\n<p><!-- wp:paragraph --><!-- \/wp:paragraph --><\/p>\n<p><!-- wp:paragraph --><\/p>\n<p><strong>Les horaires sont susceptibles d&rsquo;\u00e9voluer en fonction du nombre et du niveau de chaque groupe d&rsquo;\u00e2ge.<\/strong><\/p>\n<p><!-- \/wp:paragraph --><\/p>\t\t\t\t\t\t<\/div>\n\t\t\t\t<\/div>\n\t\t\t\t<div class=\"elementor-element elementor-element-c99262b elementor-widget elementor-widget-text-editor\" data-id=\"c99262b\" data-element_type=\"widget\" data-widget_type=\"text-editor.default\">\n\t\t\t\t<div class=\"elementor-widget-container\">\n\t\t\t\t\t\t\t<h4><span style=\"color: #333333;\"><strong>Les Tarifs : Cotisation et licence par cat\u00e9gorie saison 2024-2025 :<\/strong><\/span><\/h4>\n<table>\n<tbody>\n<tr>\n<td colspan=\"2\">\n<p><span style=\"color: #333333;\"><b>Cat\u00e9gories<\/b><\/span><\/p>\n<\/td>\n<td>\n<p><span style=\"color: #333333;\"><b>N\u00e9(e) en<\/b><\/span><\/p>\n<\/td>\n<td>\n<p><span style=\"color: #333333;\"><b>Licence<br \/>et affiliation FFE<\/b><\/span><\/p>\n<p><span style=\"color: #333333;\"><b><\/b><b>(1)<\/b><\/span><\/p>\n<\/td>\n<td>\n<p><span style=\"color: #333333;\"><b>Cotisation<\/b><\/span><\/p>\n<\/td>\n<td>\n<p><span style=\"color: #333333;\"><b>Total Annuel<\/b><\/span><\/p>\n<\/td>\n<td>\n<p><span style=\"color: #333333;\"><b>R\u00e8glement en 4 fois (<\/b><b>2)<\/b><b> <\/b><br \/><\/span><\/p>\n<\/td>\n<\/tr>\n<tr>\n<td rowspan=\"11\">\n<p><span style=\"color: #333333;\"><b>Escrime Sportive<\/b><\/span><\/p>\n<\/td>\n<td>\n<p><span style=\"color: #333333;\">M5<\/span><\/p>\n<\/td>\n<td>\n<p><span style=\"color: #333333;\">2020 et apr\u00e8s<\/span><\/p>\n<\/td>\n<td rowspan=\"3\">\n<p><span style=\"color: #333333;\">32 \u20ac<\/span><\/p>\n<p><span style=\"color: #333333;\">\u00a0<\/span><\/p>\n<p><span style=\"color: #333333;\">51 \u20ac<\/span><\/p>\n<p>\u00a0<\/p>\n<p><span style=\"color: #333333; font-family: Roboto, sans-serif; font-size: 14px; font-style: normal; font-weight: 400;\">51 \u20ac<\/span><\/p>\n<\/td>\n<td rowspan=\"3\">\n<p><span style=\"color: #333333;\">183,5\u20ac<\/span><\/p>\n<p><span style=\"color: #333333;\">\u00a0<\/span><\/p>\n<p><span style=\"color: #333333;\">164.5 \u20ac<\/span><\/p>\n<p><span style=\"color: #333333;\">\u00a0<\/span><\/p>\n<p><span style=\"color: #333333; font-family: Roboto, sans-serif; font-size: 14px; font-style: normal; font-weight: 400;\">164.5 \u20ac<\/span><\/p>\n<\/td>\n<td rowspan=\"3\">\n<p><span style=\"color: #333333;\">215,50\u20ac<\/span><\/p>\n<\/td>\n<td rowspan=\"3\">\n<p><span style=\"color: #333333;\">4x 51,88\u20ac<\/span><\/p>\n<\/td>\n<\/tr>\n<tr>\n<td>\n<p><span style=\"color: #333333;\">M7<\/span><\/p>\n<\/td>\n<td>\n<p><span style=\"color: #333333;\">2018 &#8211; 2019<\/span><\/p>\n<\/td>\n<\/tr>\n<tr>\n<td>\n<p><span style=\"color: #333333;\">M9<\/span><\/p>\n<\/td>\n<td>\n<p><span style=\"color: #333333;\">2016 -2017<\/span><\/p>\n<\/td>\n<\/tr>\n<tr>\n<td>\n<p><span style=\"color: #333333;\">M11<\/span><\/p>\n<\/td>\n<td>\n<p><span style=\"color: #333333;\">2014 &#8211; 2015<\/span><\/p>\n<\/td>\n<td rowspan=\"6\">\n<p><span style=\"color: #333333;\">70\u20ac<\/span><\/p>\n<\/td>\n<td rowspan=\"6\">\n<p><span style=\"color: #333333;\">210\u20ac<\/span><\/p>\n<\/td>\n<td rowspan=\"6\">\n<p><span style=\"color: #333333;\">280\u20ac<\/span><\/p>\n<\/td>\n<td rowspan=\"6\">\n<p><span style=\"color: #333333;\">4x 70\u20ac<\/span><\/p>\n<\/td>\n<\/tr>\n<tr>\n<td>\n<p><span style=\"color: #333333;\">M13<\/span><\/p>\n<\/td>\n<td>\n<p><span style=\"color: #333333;\">2012 &#8211; 2013<\/span><\/p>\n<\/td>\n<\/tr>\n<tr>\n<td>\n<p><span style=\"color: #333333;\">M15<\/span><\/p>\n<\/td>\n<td>\n<p><span style=\"color: #333333;\">2010 &#8211; 2011<\/span><\/p>\n<\/td>\n<\/tr>\n<tr>\n<td>\n<p><span style=\"color: #333333;\">M17<\/span><\/p>\n<\/td>\n<td>\n<p><span style=\"color: #333333;\">2008 &#8211; 2009<\/span><\/p>\n<\/td>\n<\/tr>\n<tr>\n<td>\n<p><span style=\"color: #333333;\">M20<\/span><\/p>\n<\/td>\n<td>\n<p><span style=\"color: #333333;\">2005 &#8211; 2007<\/span><\/p>\n<\/td>\n<\/tr>\n<tr>\n<td>\n<p><span style=\"color: #333333;\">Adulte<\/span><\/p>\n<\/td>\n<td>\n<p><span style=\"color: #333333;\">2004 et avant<\/span><\/p>\n<\/td>\n<\/tr>\n<tr>\n<td rowspan=\"2\">\n<p><span style=\"color: #333333;\">\u00c9tudiant<\/span><\/p>\n<\/td>\n<td>\n<p><span style=\"color: #333333;\">Ann\u00e9e compl\u00e8te<\/span><\/p>\n<\/td>\n<td rowspan=\"2\">\n<p><span style=\"color: #333333;\">70\u20ac<\/span><\/p>\n<\/td>\n<td>\n<p><span style=\"color: #333333;\">142\u20ac<\/span><\/p>\n<\/td>\n<td>\n<p><span style=\"color: #333333;\">212\u20ac<\/span><\/p>\n<\/td>\n<td>\n<p><span style=\"color: #333333;\">4x 53\u20ac<\/span><\/p>\n<\/td>\n<\/tr>\n<tr>\n<td>\n<p><span style=\"color: #333333;\">Un semestre<\/span><\/p>\n<\/td>\n<td>\n<p><span style=\"color: #333333;\">76\u20ac<\/span><\/p>\n<\/td>\n<td>\n<p><span style=\"color: #333333;\">146\u20ac<\/span><\/p>\n<\/td>\n<td>\n<p><span style=\"color: #333333;\">4x 36.50\u20ac<\/span><\/p>\n<\/td>\n<\/tr>\n<\/tbody>\n<\/table>\n<table>\n<tbody>\n<tr>\n<td>\n<p><span style=\"color: #333333;\"><b>Escrime M\u00e9di\u00e9vale<\/b><\/span><\/p>\n<\/td>\n<td>\n<p><span style=\"color: #333333;\">M17 \u00e0 Adulte<\/span><\/p>\n<\/td>\n<td>\n<p><span style=\"color: #333333;\">2009 et avant<\/span><\/p>\n<\/td>\n<td>\n<p><span style=\"color: #333333;\">85\u20ac (4)<\/span><\/p>\n<\/td>\n<td>\n<p><span style=\"color: #333333;\">167\u20ac<\/span><\/p>\n<\/td>\n<td>\n<p><span style=\"color: #333333;\">252\u20ac<\/span><\/p>\n<\/td>\n<td>\n<p><span style=\"color: #333333;\">4x 63\u20ac<\/span><\/p>\n<\/td>\n<\/tr>\n<\/tbody>\n<\/table>\n<table>\n<tbody>\n<tr>\n<td rowspan=\"2\">\n<p><span style=\"color: #333333;\"><b>Escrime Sabre Laser<\/b><\/span><\/p>\n<\/td>\n<td>\n<p><span style=\"color: #333333;\">M13 \u00e0 M15<\/span><\/p>\n<\/td>\n<td>\n<p><span style=\"color: #333333;\">De 2009 \u00e0 2012<\/span><\/p>\n<\/td>\n<td rowspan=\"2\">\n<p><span style=\"color: #333333;\">70\u20ac<\/span><\/p>\n<\/td>\n<td>\n<p><span style=\"color: #333333;\">146\u20ac<\/span><\/p>\n<\/td>\n<td>\n<p><span style=\"color: #333333;\">216\u20ac<\/span><\/p>\n<\/td>\n<td>\n<p><span style=\"color: #333333;\">4x 54\u20ac<br \/><\/span><\/p>\n<\/td>\n<\/tr>\n<tr>\n<td>\n<p><span style=\"color: #333333;\">M17 \u00e0 Adulte<\/span><\/p>\n<\/td>\n<td>\n<p><span style=\"color: #333333;\">2008 et avant<\/span><\/p>\n<\/td>\n<td>\n<p><span style=\"color: #333333;\">176\u20ac<\/span><\/p>\n<\/td>\n<td>\n<p><span style=\"color: #333333;\">246\u20ac<\/span><\/p>\n<\/td>\n<td>\n<p><span style=\"color: #333333;\">4x 61.50\u20ac<br \/><\/span><\/p>\n<\/td>\n<\/tr>\n<\/tbody>\n<\/table>\n<table>\n<tbody>\n<tr>\n<td>\n<p><span style=\"color: #333333;\"><b>Multi-activit\u00e9s<\/b><\/span><\/p>\n<\/td>\n<td>\n<p><span style=\"color: #333333;\">Cotisation la plus \u00e9lev\u00e9e + 54\u20ac par activit\u00e9 suppl\u00e9mentaire<\/span><\/p>\n<\/td>\n<\/tr>\n<\/tbody>\n<\/table>\n<p><span style=\"color: #333333;\">1) Pour les familles, remise de 25\u20ac sur chaque nouvelle inscription \u00e0 partir de la 2i\u00e8me adh\u00e9sion.<\/span><\/p>\n<p><span style=\"color: #333333;\">2) 3 ch\u00e8ques remis en d\u00e9but d\u2019ann\u00e9e et encaiss\u00e9s en septembre, octobre et novembre.<\/span><\/p>\n<p><span style=\"color: #333333;\">3) Uniquement avec le paiement en ligne\u00a0<\/span><\/p>\n<p><span style=\"color: #333333;\">4) Licence M\u00e9di\u00e9vale : 64\u20ac FFE + 15\u20ac AMHE<\/span><\/p>\n<table>\n<tbody>\n<tr>\n<td rowspan=\"3\">\n<p><span style=\"color: #333333;\"><b>R.I.P.O.S.T.E.<\/b><\/span><\/p>\n<\/td>\n<td>\n<p>\u00a0<\/p>\n<\/td>\n<td>\n<p><span style=\"color: #333333;\"><b>Licence<\/b><\/span><\/p>\n<\/td>\n<td>\n<p><span style=\"color: #333333;\"><b>Cotisation<\/b><\/span><\/p>\n<\/td>\n<td>\n<p><span style=\"color: #333333;\"><b>Location Veste\u00a0<\/b><b>(5)<\/b><\/span><\/p>\n<\/td>\n<td>\n<p><span style=\"color: #333333;\"><b>Caution Veste\u00a0<\/b><b>(6)<\/b><\/span><\/p>\n<\/td>\n<\/tr>\n<tr>\n<td>\n<p>\u00a0<\/p>\n<\/td>\n<td>\n<p><span style=\"color: #333333;\">23\u20ac<\/span><\/p>\n<\/td>\n<td>\n<p><span style=\"color: #333333;\">132\u20ac<\/span><\/p>\n<\/td>\n<td>\n<p><span style=\"color: #333333;\">30\u20ac<\/span><\/p>\n<\/td>\n<td>\n<p><span style=\"color: #333333;\">90\u20ac<\/span><\/p>\n<\/td>\n<\/tr>\n<\/tbody>\n<\/table>\n<h4><span style=\"color: #333333;\"><strong>Tenues : Location et achats :<\/strong><\/span><\/h4>\n<table>\n<tbody>\n<tr>\n<td>\n<p><span style=\"color: #333333;\"><b>Cat\u00e9gories<\/b><\/span><\/p>\n<\/td>\n<td>\n<p><span style=\"color: #333333;\"><b>Mat\u00e9riel<\/b><\/span><\/p>\n<\/td>\n<td>\n<p><span style=\"color: #333333;\"><b>Tarif location <\/b><b>(5)<\/b><\/span><\/p>\n<\/td>\n<td>\n<p><span style=\"color: #333333;\"><b>Caution <\/b><b>(6)<\/b><\/span><\/p>\n<\/td>\n<\/tr>\n<\/tbody>\n<tbody>\n<tr>\n<td>\n<p><span style=\"color: #333333;\"><b>Toute discipline<\/b><\/span><\/p>\n<\/td>\n<td>\n<p><span style=\"color: #333333;\">Masque<\/span><\/p>\n<\/td>\n<td>\n<p><span style=\"color: #333333;\">30\u20ac<\/span><\/p>\n<\/td>\n<td>\n<p><span style=\"color: #333333;\">90\u20ac<\/span><\/p>\n<\/td>\n<\/tr>\n<tr>\n<td rowspan=\"4\">\n<p><span style=\"color: #333333;\"><b>Escrime Sportive<\/b><\/span><\/p>\n<\/td>\n<td>\n<p><span style=\"color: #333333;\">Veste<\/span><\/p>\n<\/td>\n<td>\n<p><span style=\"color: #333333;\">40\u20ac<\/span><\/p>\n<\/td>\n<td rowspan=\"3\">\n<p><span style=\"color: #333333;\">210\u20ac<\/span><\/p>\n<\/td>\n<\/tr>\n<tr>\n<td>\n<p><span style=\"color: #333333;\">Pantalon<\/span><\/p>\n<\/td>\n<td>\n<p><span style=\"color: #333333;\">30\u20ac<\/span><\/p>\n<\/td>\n<\/tr>\n<tr>\n<td>\n<p><span style=\"color: #333333;\">Tenue Compl\u00e8te<\/span><\/p>\n<\/td>\n<td>\n<p><span style=\"color: #333333;\">60\u20ac<\/span><\/p>\n<\/td>\n<\/tr>\n<tr>\n<td>\n<p><span style=\"color: #333333;\">Arme (7)<\/span><\/p>\n<\/td>\n<td>\n<p><span style=\"color: #333333;\">35\u20ac<\/span><\/p>\n<\/td>\n<td>\n<p><span style=\"color: #333333;\">105\u20ac<\/span><\/p>\n<\/td>\n<\/tr>\n<\/tbody>\n<\/table>\n<table>\n<tbody>\n<tr>\n<td>\n<p><span style=\"color: #333333;\"><b>Escrime M\u00e9di\u00e9vale<\/b><\/span><\/p>\n<\/td>\n<td>\n<p><span style=\"color: #333333;\">Ep\u00e9e \u00e0 2 mains ou Messer ou \u00e9p\u00e9e viking (7)<\/span><\/p>\n<\/td>\n<td>\n<p><span style=\"color: #333333;\">50\u20ac<\/span><\/p>\n<\/td>\n<td>\n<p><span style=\"color: #333333;\">150\u20ac<\/span><\/p>\n<\/td>\n<\/tr>\n<\/tbody>\n<\/table>\n<table>\n<tbody>\n<tr>\n<td>\n<p><span style=\"color: #333333;\"><b>Escrime Sabre Laser<\/b><\/span><\/p>\n<\/td>\n<td>\n<p><span style=\"color: #333333;\">Sabre Laser (7)<\/span><\/p>\n<\/td>\n<td>\n<p><span style=\"color: #333333;\">38\u20ac<\/span><\/p>\n<\/td>\n<td>\n<p><span style=\"color: #333333;\">115\u20ac<\/span><\/p>\n<\/td>\n<\/tr>\n<\/tbody>\n<\/table>\n<p><span style=\"color: #333333;\">5) Encaissement au mois de d\u00e9cembre.<\/span><\/p>\n<p><span style=\"color: #333333;\">6) Ch\u00e8ques de cautions restitu\u00e9s au retour de la tenue nettoy\u00e9e et de l\u2019arme.<\/span><\/p>\n<p><span style=\"color: #333333;\">7) Location des armes facultative : Tarif comprenant l\u2019arme, la r\u00e9paration de pannes et un bris de lame. 30\u20ac sera demand\u00e9 \u00e0 partir du 2nd bris de lame.<\/span><\/p>\n<p><span style=\"color: #333333;\"><b>Achat du gant obligatoire<\/b>\u00a0: entre 18 et 30\u20ac selon mod\u00e8le.<\/span><\/p>\n<p><span style=\"color: #333333;\"><b>Achat d&rsquo;un bustier<\/b> (fortement recommand\u00e9 pour les tireuses femmes \u00e0 partir des M11et obligatoire \u00e0 partir de 16 ans) : entre 18 et 35 euros selon mod\u00e8les<\/span><\/p>\n<table>\n<tbody>\n<tr>\n<td>\n<p><span style=\"color: #333333;\"><b><i>Important :<\/i><\/b><i> Pour faire la demande de licence aupr\u00e8s de la FFE, et de <\/i><b><i>pouvoir acc\u00e9der \u00e0 la Salle d\u2019Armes et participer aux comp\u00e9titions,<\/i><\/b> <b><i>nous devons imp\u00e9rativement avoir<\/i><\/b> <b><i>un dossier complet<\/i><\/b><i> : Fiche d\u2019inscription compl\u00e9t\u00e9e en ligne\/ Certificat M\u00e9dical \/ Titres de paiement (licence et cotisations).<\/i><\/span><\/p>\n<p><span style=\"color: #333333;\"><b><i>Droit \u00e0 l\u2019image :<\/i><\/b><i> Le CEBY dispose d\u2019un site internet et un compte Facebook, afin de les alimenter, des photographies des entra\u00eenements et des comp\u00e9titions pourront y \u00eatre diffus\u00e9es.<\/i><\/span><\/p>\n<p><span style=\"color: #333333;\"><i>Conform\u00e9ment \u00e0 la loi, vous aurez la possibilit\u00e9, \u00e0 tout moment, de demander le retrait des photographies vous concernant.<\/i><\/span><\/p>\n<\/td>\n<\/tr>\n<\/tbody>\n<\/table>\n<p><span style=\"color: #333333;\">Le CEBY accepte les coupons sport ANCV et les Pass culture &amp; Sport de la r\u00e9gion.<\/span><\/p>\n<p>210682<\/p>\t\t\t\t\t\t<\/div>\n\t\t\t\t<\/div>\n\t\t\t\t\t<\/div>\n\t\t<\/div>\n\t\t\t\t\t<\/div>\n\t\t<\/section>\n\t\t\t\t<\/div>\n\t\t","protected":false},"excerpt":{"rendered":"<p>\u00a0 Horaires indicatifs pour la saison 2025 &#8211; 2026 : \u00a0 Horaires de Le\u00e7on Particuli\u00e8re (25\u20ac\/s\u00e9ances de 30 minutes) : Jour Salle D\u00e9but du cours Fin du cours Cat\u00e9gories Mardi Rivoli 17h30 19h00 Ouvert \u00e0 toutes les cat\u00e9gories Jeudi Rivoli 16h30 18h00 Ouvert \u00e0 toutes les cat\u00e9gories Les horaires sont susceptibles d&rsquo;\u00e9voluer en fonction du [&hellip;]<\/p>\n","protected":false},"author":3,"featured_media":608,"parent":0,"menu_order":0,"comment_status":"closed","ping_status":"closed","template":"","meta":{"footnotes":""},"class_list":["post-47","page","type-page","status-publish","has-post-thumbnail","hentry"],"_links":{"self":[{"href":"https:\/\/escrimelrsy.fr\/index.php\/wp-json\/wp\/v2\/pages\/47"}],"collection":[{"href":"https:\/\/escrimelrsy.fr\/index.php\/wp-json\/wp\/v2\/pages"}],"about":[{"href":"https:\/\/escrimelrsy.fr\/index.php\/wp-json\/wp\/v2\/types\/page"}],"author":[{"embeddable":true,"href":"https:\/\/escrimelrsy.fr\/index.php\/wp-json\/wp\/v2\/users\/3"}],"replies":[{"embeddable":true,"href":"https:\/\/escrimelrsy.fr\/index.php\/wp-json\/wp\/v2\/comments?post=47"}],"version-history":[{"count":157,"href":"https:\/\/escrimelrsy.fr\/index.php\/wp-json\/wp\/v2\/pages\/47\/revisions"}],"predecessor-version":[{"id":1200,"href":"https:\/\/escrimelrsy.fr\/index.php\/wp-json\/wp\/v2\/pages\/47\/revisions\/1200"}],"wp:featuredmedia":[{"embeddable":true,"href":"https:\/\/escrimelrsy.fr\/index.php\/wp-json\/wp\/v2\/media\/608"}],"wp:attachment":[{"href":"https:\/\/escrimelrsy.fr\/index.php\/wp-json\/wp\/v2\/media?parent=47"}],"curies":[{"name":"wp","href":"https:\/\/api.w.org\/{rel}","templated":true}]}}