{"id":27,"date":"2020-03-08T23:02:28","date_gmt":"2020-03-08T22:02:28","guid":{"rendered":"http:\/\/escrimelrsy.fr\/?page_id=27"},"modified":"2025-05-02T19:32:44","modified_gmt":"2025-05-02T17:32:44","slug":"lescrime-medievale-amhe","status":"publish","type":"page","link":"https:\/\/escrimelrsy.fr\/index.php\/lescrime-medievale-amhe\/","title":{"rendered":"L&rsquo;ESCRIME ANCIENNE et HISTORIQUE"},"content":{"rendered":"\n<p>La section Bast&rsquo;Yon vous propose de vous faire d\u00e9couvrir maniement de l&rsquo;\u00e9p\u00e9e \u00e0 une et 2 mains, le bouclier et autres armes historique europ\u00e9enne (d\u00e8s 15 ans)<\/p>\n\n\n\n<figure class=\"wp-block-image size-large\"><img fetchpriority=\"high\" decoding=\"async\" width=\"572\" height=\"371\" src=\"http:\/\/escrimelrsy.fr\/wp-content\/uploads\/2020\/03\/amhe_1.jpg\" alt=\"\" class=\"wp-image-70\" srcset=\"https:\/\/escrimelrsy.fr\/wp-content\/uploads\/2020\/03\/amhe_1.jpg 572w, https:\/\/escrimelrsy.fr\/wp-content\/uploads\/2020\/03\/amhe_1-300x195.jpg 300w\" sizes=\"(max-width: 572px) 100vw, 572px\" \/><\/figure>\n\n\n\n<p>Les A.M.H.E b\u00e9n\u00e9ficiant d&rsquo;un champ d&rsquo;\u00e9tude vaste, le BAST&rsquo;YON \u00e9tudie plusieurs discipline et s\u2019ouvre Chaque ann\u00e9e \u00e0 de nouveaux domaines :<\/p>\n\n\n\n<div class=\"wp-block-media-text alignwide has-media-on-the-right is-stacked-on-mobile\"><div class=\"wp-block-media-text__content\">\n<ul class=\"wp-block-list\">\n<li><strong>Les techniques \u00e0 l&rsquo;\u00e9p\u00e9e longue m\u00e9di\u00e9vale :<\/strong> L&rsquo;\u00e9p\u00e9e longue est une arme d&rsquo;estoc et de taille principalement manipul\u00e9e \u00e0 deux Mains.<\/li>\n<\/ul>\n\n\n\n<ul class=\"wp-block-list\">\n<li><strong>Les techniques de la rapi\u00e8re et du sabre : <\/strong>La rapi\u00e8re et le sabre se manient \u00e0 une main. La rapi\u00e8re peut \u00eatre mani\u00e9e avec une main-gauche (Petite dague). Ils marquent l\u2019histoire de l\u2019escrime comme une transition vers l\u2019escrime moderne.<\/li>\n<\/ul>\n\n\n\n<ul class=\"wp-block-list\">\n<li><strong>Les techniques de combat viking : <\/strong>Le bouclier viking et ses particularit\u00e9s lors d&rsquo;un combat, l&rsquo;\u00e9p\u00e9e \u00ab\u00a0type\u00a0\u00bb viking ainsi que la hache de combat.<\/li>\n<\/ul>\n\n\n\n<ul class=\"wp-block-list\">\n<li><strong>Les techniques de canne-d\u00e9fense :<\/strong> \u00c9tude et apprentissage des techniques \u00e0 la canne et au b\u00e2ton, telles que pratiqu\u00e9es dans les salles d&rsquo;armes comme moyen de d\u00e9fense, selon des trait\u00e9s du XIX\u00e8 et tout d\u00e9but XX\u00e8 si\u00e8cle (Leboucher, Larribeau, Vigny, Charlemont&#8230;)<br><\/li>\n<\/ul>\n<\/div><figure class=\"wp-block-media-text__media\"><img decoding=\"async\" width=\"683\" height=\"1024\" src=\"http:\/\/escrimelrsy.fr\/wp-content\/uploads\/2020\/09\/Mascotte-bastyon-683x1024.png\" alt=\"\" class=\"wp-image-158 size-full\" srcset=\"https:\/\/escrimelrsy.fr\/wp-content\/uploads\/2020\/09\/Mascotte-bastyon-683x1024.png 683w, https:\/\/escrimelrsy.fr\/wp-content\/uploads\/2020\/09\/Mascotte-bastyon-200x300.png 200w, https:\/\/escrimelrsy.fr\/wp-content\/uploads\/2020\/09\/Mascotte-bastyon-768x1152.png 768w, https:\/\/escrimelrsy.fr\/wp-content\/uploads\/2020\/09\/Mascotte-bastyon-1x1.png 1w, https:\/\/escrimelrsy.fr\/wp-content\/uploads\/2020\/09\/Mascotte-bastyon.png 800w\" sizes=\"(max-width: 683px) 100vw, 683px\" \/><\/figure><\/div>\n\n\n\n<p><strong>Mais aussi de la dague, du dussack, de la ba\u00efonnette, de la lance &#8230;<\/strong><\/p>\n\n\n\n<figure class=\"wp-block-image size-large\"><img decoding=\"async\" width=\"572\" height=\"371\" src=\"http:\/\/escrimelrsy.fr\/wp-content\/uploads\/2020\/03\/amhe_2.jpg\" alt=\"\" class=\"wp-image-69\" srcset=\"https:\/\/escrimelrsy.fr\/wp-content\/uploads\/2020\/03\/amhe_2.jpg 572w, https:\/\/escrimelrsy.fr\/wp-content\/uploads\/2020\/03\/amhe_2-300x195.jpg 300w\" sizes=\"(max-width: 572px) 100vw, 572px\" \/><\/figure>\n\n\n\n<p><strong>Les cours d&rsquo;escrime m\u00e9di\u00e9vale BAST&rsquo;YON ont lieu le samedi matin,<\/strong><br><strong>de 9h00 \u00e0 13h30, au Gymnase Rivoli (boulevard  Rivoli) \u00e0 La Roche Sur Yon.<\/strong><\/p>\n\n\n\n<div class=\"wp-block-file aligncenter\"><a href=\"http:\/\/escrimelrsy.fr\/wp-content\/uploads\/2020\/09\/Triptique-AMHE.pdf\">Brochure-AMHE<\/a><a href=\"http:\/\/escrimelrsy.fr\/wp-content\/uploads\/2020\/09\/Triptique-AMHE.pdf\" class=\"wp-block-file__button wp-element-button\" download>T\u00e9l\u00e9charger<\/a><\/div>\n\n\n\n<figure class=\"wp-block-image size-large\"><img loading=\"lazy\" decoding=\"async\" width=\"1003\" height=\"1024\" src=\"http:\/\/escrimelrsy.fr\/wp-content\/uploads\/2020\/09\/bastyon-1003x1024.jpg\" alt=\"\" class=\"wp-image-108\" srcset=\"https:\/\/escrimelrsy.fr\/wp-content\/uploads\/2020\/09\/bastyon-1003x1024.jpg 1003w, https:\/\/escrimelrsy.fr\/wp-content\/uploads\/2020\/09\/bastyon-294x300.jpg 294w, https:\/\/escrimelrsy.fr\/wp-content\/uploads\/2020\/09\/bastyon-768x784.jpg 768w, https:\/\/escrimelrsy.fr\/wp-content\/uploads\/2020\/09\/bastyon-1505x1536.jpg 1505w, https:\/\/escrimelrsy.fr\/wp-content\/uploads\/2020\/09\/bastyon-1x1.jpg 1w, https:\/\/escrimelrsy.fr\/wp-content\/uploads\/2020\/09\/bastyon.jpg 2006w\" sizes=\"(max-width: 1003px) 100vw, 1003px\" \/><\/figure>\n","protected":false},"excerpt":{"rendered":"<p>La section Bast&rsquo;Yon vous propose de vous faire d\u00e9couvrir maniement de l&rsquo;\u00e9p\u00e9e \u00e0 une et 2 mains, le bouclier et autres armes historique europ\u00e9enne (d\u00e8s 15 ans) Les A.M.H.E b\u00e9n\u00e9ficiant d&rsquo;un champ d&rsquo;\u00e9tude vaste, le BAST&rsquo;YON \u00e9tudie plusieurs discipline et s\u2019ouvre Chaque ann\u00e9e \u00e0 de nouveaux domaines : Mais aussi de la dague, du dussack, [&hellip;]<\/p>\n","protected":false},"author":3,"featured_media":0,"parent":0,"menu_order":0,"comment_status":"closed","ping_status":"closed","template":"","meta":{"footnotes":""},"class_list":["post-27","page","type-page","status-publish","hentry"],"_links":{"self":[{"href":"https:\/\/escrimelrsy.fr\/index.php\/wp-json\/wp\/v2\/pages\/27"}],"collection":[{"href":"https:\/\/escrimelrsy.fr\/index.php\/wp-json\/wp\/v2\/pages"}],"about":[{"href":"https:\/\/escrimelrsy.fr\/index.php\/wp-json\/wp\/v2\/types\/page"}],"author":[{"embeddable":true,"href":"https:\/\/escrimelrsy.fr\/index.php\/wp-json\/wp\/v2\/users\/3"}],"replies":[{"embeddable":true,"href":"https:\/\/escrimelrsy.fr\/index.php\/wp-json\/wp\/v2\/comments?post=27"}],"version-history":[{"count":11,"href":"https:\/\/escrimelrsy.fr\/index.php\/wp-json\/wp\/v2\/pages\/27\/revisions"}],"predecessor-version":[{"id":1101,"href":"https:\/\/escrimelrsy.fr\/index.php\/wp-json\/wp\/v2\/pages\/27\/revisions\/1101"}],"wp:attachment":[{"href":"https:\/\/escrimelrsy.fr\/index.php\/wp-json\/wp\/v2\/media?parent=27"}],"curies":[{"name":"wp","href":"https:\/\/api.w.org\/{rel}","templated":true}]}}