{"id":25,"date":"2020-03-08T23:01:50","date_gmt":"2020-03-08T22:01:50","guid":{"rendered":"http:\/\/escrimelrsy.fr\/?page_id=25"},"modified":"2025-05-01T21:18:04","modified_gmt":"2025-05-01T19:18:04","slug":"lescrime-sportive","status":"publish","type":"page","link":"https:\/\/escrimelrsy.fr\/index.php\/lescrime-sportive\/","title":{"rendered":"L&rsquo;ESCRIME SPORTIVE"},"content":{"rendered":"\n<h4 class=\"wp-block-heading\">D\u00c9COUVREZ L&rsquo;ESCRIME SPORTIVE avec le C.E.Y !<\/h4>\n\n\n\n<p>Envie de d\u00e9couvrir de nouvelles sensations l&rsquo;\u00e9p\u00e9e \u00e0 la main ?<br>Prenez les armes et d\u00e9couvrez un sport m\u00ealant modernit\u00e9 et tradition !<\/p>\n\n\n\n<div class=\"wp-block-media-text alignwide is-stacked-on-mobile\"><figure class=\"wp-block-media-text__media\"><img fetchpriority=\"high\" decoding=\"async\" width=\"683\" height=\"1024\" src=\"http:\/\/escrimelrsy.fr\/wp-content\/uploads\/2020\/09\/Mascotte-fleuret-683x1024.png\" alt=\"\" class=\"wp-image-164 size-full\" srcset=\"https:\/\/escrimelrsy.fr\/wp-content\/uploads\/2020\/09\/Mascotte-fleuret-683x1024.png 683w, https:\/\/escrimelrsy.fr\/wp-content\/uploads\/2020\/09\/Mascotte-fleuret-200x300.png 200w, https:\/\/escrimelrsy.fr\/wp-content\/uploads\/2020\/09\/Mascotte-fleuret-768x1152.png 768w, https:\/\/escrimelrsy.fr\/wp-content\/uploads\/2020\/09\/Mascotte-fleuret-1x1.png 1w, https:\/\/escrimelrsy.fr\/wp-content\/uploads\/2020\/09\/Mascotte-fleuret.png 800w\" sizes=\"(max-width: 683px) 100vw, 683px\" \/><\/figure><div class=\"wp-block-media-text__content\">\n<p>Accessible d\u00e8s 5 ans et sans limite d&rsquo;\u00e2ge\u2026 <br>Adapt\u00e9 \u00e0 tous les niveaux, d\u00e9butants ou confirm\u00e9s, loisir ou comp\u00e9titeurs \u2026 <br>Entra\u00eenements collectifs et le\u00e7ons individualis\u00e9es\u2026<br>Club labellis\u00e9 \u00ab ECOLE FRANCAISE D&rsquo;ESCRIME \u00bb\u2026<\/p>\n\n\n\n<p>Pour les passionn\u00e9s de comp\u00e9tition, le CEBY r\u00e9pond \u00e0 vos attentes, et forme chaque saison des champions (d\u00e9partementaux, r\u00e9gionaux&#8230;), et qualifie r\u00e9guli\u00e8rement ses escrimeurs aux championnats de France.<\/p>\n<\/div><\/div>\n\n\n\n<h4 class=\"wp-block-heading\">Trois armes vous sont propos\u00e9es: <\/h4>\n\n\n\n<div class=\"wp-block-group\"><div class=\"wp-block-group__inner-container is-layout-flow wp-block-group-is-layout-flow\">\n<div class=\"wp-block-media-text alignwide has-media-on-the-right is-stacked-on-mobile\" style=\"grid-template-columns:auto 48%\"><div class=\"wp-block-media-text__content\">\n<p class=\"has-text-align-right has-large-font-size\">L&rsquo;\u00e9p\u00e9e<\/p>\n<\/div><figure class=\"wp-block-media-text__media\"><img decoding=\"async\" width=\"266\" height=\"176\" src=\"http:\/\/escrimelrsy.fr\/wp-content\/uploads\/2020\/03\/epee.jpg\" alt=\"\" class=\"wp-image-65 size-full\"\/><\/figure><\/div>\n\n\n\n<div class=\"wp-block-media-text alignwide is-stacked-on-mobile\" style=\"grid-template-columns:46% auto\"><figure class=\"wp-block-media-text__media\"><img decoding=\"async\" width=\"350\" height=\"229\" src=\"http:\/\/escrimelrsy.fr\/wp-content\/uploads\/2020\/03\/fleuret.jpg\" alt=\"\" class=\"wp-image-66 size-full\" srcset=\"https:\/\/escrimelrsy.fr\/wp-content\/uploads\/2020\/03\/fleuret.jpg 350w, https:\/\/escrimelrsy.fr\/wp-content\/uploads\/2020\/03\/fleuret-300x196.jpg 300w\" sizes=\"(max-width: 350px) 100vw, 350px\" \/><\/figure><div class=\"wp-block-media-text__content\">\n<p class=\"has-large-font-size\">Le Fleuret<\/p>\n<\/div><\/div>\n\n\n\n<div class=\"wp-block-media-text alignwide has-media-on-the-right is-stacked-on-mobile\" style=\"grid-template-columns:auto 46%\"><div class=\"wp-block-media-text__content\">\n<p class=\"has-text-align-right has-large-font-size\">Le Sabre<\/p>\n<\/div><figure class=\"wp-block-media-text__media\"><img loading=\"lazy\" decoding=\"async\" width=\"276\" height=\"183\" src=\"http:\/\/escrimelrsy.fr\/wp-content\/uploads\/2020\/03\/sabre.jpg\" alt=\"\" class=\"wp-image-64 size-full\"\/><\/figure><\/div>\n<\/div><\/div>\n\n\n\n<div class=\"wp-block-media-text alignwide has-media-on-the-right is-stacked-on-mobile\"><div class=\"wp-block-media-text__content\">\n<p><strong>L&rsquo;escrime sportive est le sport d&rsquo;opposition traditionnel par excellence. Deux escrimeurs doivent toucher l&rsquo;adversaire de leur arme pour marquer des points.<\/strong><\/p>\n\n\n\n<p><strong>Trois armes sont enseign\u00e9es. Les zones de touche et les r\u00e8gles diff\u00e8rent en fonction de celle utilis\u00e9e.<\/strong><\/p>\n<\/div><figure class=\"wp-block-media-text__media\"><img loading=\"lazy\" decoding=\"async\" width=\"683\" height=\"1024\" src=\"http:\/\/escrimelrsy.fr\/wp-content\/uploads\/2020\/09\/Mascotte-epee-1-683x1024.png\" alt=\"\" class=\"wp-image-163 size-full\" srcset=\"https:\/\/escrimelrsy.fr\/wp-content\/uploads\/2020\/09\/Mascotte-epee-1-683x1024.png 683w, https:\/\/escrimelrsy.fr\/wp-content\/uploads\/2020\/09\/Mascotte-epee-1-200x300.png 200w, https:\/\/escrimelrsy.fr\/wp-content\/uploads\/2020\/09\/Mascotte-epee-1-768x1152.png 768w, https:\/\/escrimelrsy.fr\/wp-content\/uploads\/2020\/09\/Mascotte-epee-1-1x1.png 1w, https:\/\/escrimelrsy.fr\/wp-content\/uploads\/2020\/09\/Mascotte-epee-1.png 800w\" sizes=\"(max-width: 683px) 100vw, 683px\" \/><\/figure><\/div>\n\n\n\n<ul class=\"wp-block-list\">\n<li><strong>L&rsquo;\u00e9p\u00e9e, l&rsquo;arme de duel ! On peut toucher sur toute la surface du corps. Le<\/strong><strong> <\/strong><strong>premier qui touche marque un point.<\/strong><\/li>\n\n\n\n<li><strong>Le fleuret, l&rsquo;arme d&rsquo;\u00e9tude. Les touches sont port\u00e9es de la pointe seule et limit\u00e9es au tronc.<\/strong><\/li>\n\n\n\n<li><strong>Le sabre, l&rsquo;arme de pointe et de tranchant. On<\/strong><strong> <\/strong><strong>peut toucher l&rsquo;adversaire sur toute la surface du corps au dessus de la taille, bras et t\u00eate compris.<\/strong><\/li>\n<\/ul>\n\n\n\n<div class=\"wp-block-media-text alignwide is-stacked-on-mobile\"><figure class=\"wp-block-media-text__media\"><img loading=\"lazy\" decoding=\"async\" width=\"683\" height=\"1024\" src=\"http:\/\/escrimelrsy.fr\/wp-content\/uploads\/2020\/09\/Mascotte-sabre-683x1024.png\" alt=\"\" class=\"wp-image-165 size-full\" srcset=\"https:\/\/escrimelrsy.fr\/wp-content\/uploads\/2020\/09\/Mascotte-sabre-683x1024.png 683w, https:\/\/escrimelrsy.fr\/wp-content\/uploads\/2020\/09\/Mascotte-sabre-200x300.png 200w, https:\/\/escrimelrsy.fr\/wp-content\/uploads\/2020\/09\/Mascotte-sabre-768x1152.png 768w, https:\/\/escrimelrsy.fr\/wp-content\/uploads\/2020\/09\/Mascotte-sabre-1x1.png 1w, https:\/\/escrimelrsy.fr\/wp-content\/uploads\/2020\/09\/Mascotte-sabre.png 800w\" sizes=\"(max-width: 683px) 100vw, 683px\" \/><\/figure><div class=\"wp-block-media-text__content\">\n<p class=\"has-normal-font-size\"><strong>Un \u00e9quipement ad\u00e9quat est indispensable \u00e0 la pratique de l&rsquo;escrime sportive. Il assure protection et libert\u00e9 de mouvement : masque, gant, veste r\u00e9sistante, pantalon (qui s&rsquo;arr\u00eate aux genoux), chaussettes hautes et chaussures l\u00e9g\u00e8res et stables.<\/strong><\/p>\n<\/div><\/div>\n\n\n\n<p><strong>Alliant des qualit\u00e9s physiques, mentales, techniques et tactiques, ce sport favorise la concentration, la ma\u00eetrise de soi, la coordination et l&rsquo;esprit d&rsquo;initiative et de d\u00e9cision. L&rsquo;escrime est une discipline bas\u00e9e sur des valeurs partag\u00e9es de respect des r\u00e8gles, de l&rsquo;adversaire, de l&rsquo;arbitre, d&rsquo;abn\u00e9gation et de courage.<\/strong><\/p>\n\n\n\n<p><strong>Un seul mot d&rsquo;ordre : toucher sans \u00eatre touch\u00e9 !<\/strong><\/p>\n\n\n\n<div class=\"wp-block-file aligncenter\"><a href=\"http:\/\/escrimelrsy.fr\/wp-content\/uploads\/2020\/09\/brochure-SPortive1.pdf\">brochure-Sportive<\/a><a href=\"http:\/\/escrimelrsy.fr\/wp-content\/uploads\/2020\/09\/brochure-SPortive1.pdf\" class=\"wp-block-file__button wp-element-button\" download>T\u00e9l\u00e9charger<\/a><\/div>\n\n\n\n<figure class=\"wp-block-image size-large\"><img loading=\"lazy\" decoding=\"async\" width=\"1024\" height=\"589\" src=\"http:\/\/escrimelrsy.fr\/wp-content\/uploads\/2020\/09\/cey-1024x589.jpg\" alt=\"\" class=\"wp-image-112\" srcset=\"https:\/\/escrimelrsy.fr\/wp-content\/uploads\/2020\/09\/cey-1024x589.jpg 1024w, https:\/\/escrimelrsy.fr\/wp-content\/uploads\/2020\/09\/cey-300x173.jpg 300w, https:\/\/escrimelrsy.fr\/wp-content\/uploads\/2020\/09\/cey-768x442.jpg 768w, https:\/\/escrimelrsy.fr\/wp-content\/uploads\/2020\/09\/cey-2x1.jpg 2w, https:\/\/escrimelrsy.fr\/wp-content\/uploads\/2020\/09\/cey.jpg 1386w\" sizes=\"(max-width: 1024px) 100vw, 1024px\" \/><\/figure>\n\n\n\n<p>Lien : <a href=\"http:\/\/escrimelrsy.fr\/index.php\/base-de-donnees-escrime-sportive\/\">Espace pratiquant<\/a><\/p>\n\n\n\n<p><\/p>\n","protected":false},"excerpt":{"rendered":"<p>D\u00c9COUVREZ L&rsquo;ESCRIME SPORTIVE avec le C.E.Y ! Envie de d\u00e9couvrir de nouvelles sensations l&rsquo;\u00e9p\u00e9e \u00e0 la main ?Prenez les armes et d\u00e9couvrez un sport m\u00ealant modernit\u00e9 et tradition ! Accessible d\u00e8s 5 ans et sans limite d&rsquo;\u00e2ge\u2026 Adapt\u00e9 \u00e0 tous les niveaux, d\u00e9butants ou confirm\u00e9s, loisir ou comp\u00e9titeurs \u2026 Entra\u00eenements collectifs et le\u00e7ons individualis\u00e9es\u2026Club labellis\u00e9 [&hellip;]<\/p>\n","protected":false},"author":3,"featured_media":0,"parent":0,"menu_order":0,"comment_status":"closed","ping_status":"closed","template":"","meta":{"footnotes":""},"class_list":["post-25","page","type-page","status-publish","hentry"],"_links":{"self":[{"href":"https:\/\/escrimelrsy.fr\/index.php\/wp-json\/wp\/v2\/pages\/25"}],"collection":[{"href":"https:\/\/escrimelrsy.fr\/index.php\/wp-json\/wp\/v2\/pages"}],"about":[{"href":"https:\/\/escrimelrsy.fr\/index.php\/wp-json\/wp\/v2\/types\/page"}],"author":[{"embeddable":true,"href":"https:\/\/escrimelrsy.fr\/index.php\/wp-json\/wp\/v2\/users\/3"}],"replies":[{"embeddable":true,"href":"https:\/\/escrimelrsy.fr\/index.php\/wp-json\/wp\/v2\/comments?post=25"}],"version-history":[{"count":11,"href":"https:\/\/escrimelrsy.fr\/index.php\/wp-json\/wp\/v2\/pages\/25\/revisions"}],"predecessor-version":[{"id":1083,"href":"https:\/\/escrimelrsy.fr\/index.php\/wp-json\/wp\/v2\/pages\/25\/revisions\/1083"}],"wp:attachment":[{"href":"https:\/\/escrimelrsy.fr\/index.php\/wp-json\/wp\/v2\/media?parent=25"}],"curies":[{"name":"wp","href":"https:\/\/api.w.org\/{rel}","templated":true}]}}