{"id":18,"date":"2020-03-08T22:57:45","date_gmt":"2020-03-08T21:57:45","guid":{"rendered":"http:\/\/escrimelrsy.fr\/?page_id=18"},"modified":"2025-06-09T21:52:19","modified_gmt":"2025-06-09T19:52:19","slug":"presentation","status":"publish","type":"page","link":"https:\/\/escrimelrsy.fr\/index.php\/presentation\/","title":{"rendered":"PR\u00c9SENTATION"},"content":{"rendered":"\n<p>Le CEBY vous propose diff\u00e9rentes activit\u00e9s selon vos envies:<\/p>\n\n\n\n<ul class=\"wp-block-list\">\n<li><a href=\"http:\/\/escrimelrsy.fr\/index.php\/lescrime-sportive\/\">l&rsquo;Escrime Sportive<\/a><\/li>\n\n\n\n<li><a href=\"http:\/\/escrimelrsy.fr\/index.php\/lescrime-medievale-amhe\/\">l&rsquo;Escrime M\u00e9di\u00e9vale<\/a> (AMHE)<\/li>\n\n\n\n<li><a href=\"http:\/\/escrimelrsy.fr\/index.php\/le-sabre-laser\/\">Le Sabre Laser<\/a><\/li>\n\n\n\n<li><a href=\"http:\/\/escrimelrsy.fr\/index.php\/riposte\/\">RIPOSTE<\/a> (programme de r\u00e9\u00e9ducation suite \u00e0 un cancer du sein)<\/li>\n<\/ul>\n\n\n\n<figure class=\"wp-block-image size-large\"><img fetchpriority=\"high\" decoding=\"async\" width=\"1024\" height=\"492\" src=\"http:\/\/escrimelrsy.fr\/wp-content\/uploads\/2020\/09\/toutes-1024x492.png\" alt=\"\" class=\"wp-image-114\" srcset=\"https:\/\/escrimelrsy.fr\/wp-content\/uploads\/2020\/09\/toutes-1024x492.png 1024w, https:\/\/escrimelrsy.fr\/wp-content\/uploads\/2020\/09\/toutes-300x144.png 300w, https:\/\/escrimelrsy.fr\/wp-content\/uploads\/2020\/09\/toutes-768x369.png 768w, https:\/\/escrimelrsy.fr\/wp-content\/uploads\/2020\/09\/toutes-1536x737.png 1536w, https:\/\/escrimelrsy.fr\/wp-content\/uploads\/2020\/09\/toutes-2048x983.png 2048w, https:\/\/escrimelrsy.fr\/wp-content\/uploads\/2020\/09\/toutes-2x1.png 2w\" sizes=\"(max-width: 1024px) 100vw, 1024px\" \/><\/figure>\n\n\n\n<p class=\"has-text-align-center\">Escrime sportive,<br>Escrime Historique,<br>Escrime Th\u00e9rapeutique,<br>Escrime ludique\u2026 <br><strong>Toutes les escrimes sont au C.E.B.Y.<\/strong><\/p>\n\n\n\n<figure class=\"wp-block-image size-large\"><img decoding=\"async\" width=\"872\" height=\"1024\" src=\"http:\/\/escrimelrsy.fr\/wp-content\/uploads\/2020\/09\/logo-04-rouge-transparence-872x1024.png\" alt=\"\" class=\"wp-image-139\" srcset=\"https:\/\/escrimelrsy.fr\/wp-content\/uploads\/2020\/09\/logo-04-rouge-transparence-872x1024.png 872w, https:\/\/escrimelrsy.fr\/wp-content\/uploads\/2020\/09\/logo-04-rouge-transparence-256x300.png 256w, https:\/\/escrimelrsy.fr\/wp-content\/uploads\/2020\/09\/logo-04-rouge-transparence-768x902.png 768w, https:\/\/escrimelrsy.fr\/wp-content\/uploads\/2020\/09\/logo-04-rouge-transparence-1309x1536.png 1309w, https:\/\/escrimelrsy.fr\/wp-content\/uploads\/2020\/09\/logo-04-rouge-transparence-1745x2048.png 1745w, https:\/\/escrimelrsy.fr\/wp-content\/uploads\/2020\/09\/logo-04-rouge-transparence-1x1.png 1w\" sizes=\"(max-width: 872px) 100vw, 872px\" \/><\/figure>\n","protected":false},"excerpt":{"rendered":"<p>Le CEBY vous propose diff\u00e9rentes activit\u00e9s selon vos envies: Escrime sportive,Escrime Historique,Escrime Th\u00e9rapeutique,Escrime ludique\u2026 Toutes les escrimes sont au C.E.B.Y.<\/p>\n","protected":false},"author":3,"featured_media":0,"parent":0,"menu_order":0,"comment_status":"closed","ping_status":"closed","template":"","meta":{"footnotes":""},"class_list":["post-18","page","type-page","status-publish","hentry"],"_links":{"self":[{"href":"https:\/\/escrimelrsy.fr\/index.php\/wp-json\/wp\/v2\/pages\/18"}],"collection":[{"href":"https:\/\/escrimelrsy.fr\/index.php\/wp-json\/wp\/v2\/pages"}],"about":[{"href":"https:\/\/escrimelrsy.fr\/index.php\/wp-json\/wp\/v2\/types\/page"}],"author":[{"embeddable":true,"href":"https:\/\/escrimelrsy.fr\/index.php\/wp-json\/wp\/v2\/users\/3"}],"replies":[{"embeddable":true,"href":"https:\/\/escrimelrsy.fr\/index.php\/wp-json\/wp\/v2\/comments?post=18"}],"version-history":[{"count":7,"href":"https:\/\/escrimelrsy.fr\/index.php\/wp-json\/wp\/v2\/pages\/18\/revisions"}],"predecessor-version":[{"id":1150,"href":"https:\/\/escrimelrsy.fr\/index.php\/wp-json\/wp\/v2\/pages\/18\/revisions\/1150"}],"wp:attachment":[{"href":"https:\/\/escrimelrsy.fr\/index.php\/wp-json\/wp\/v2\/media?parent=18"}],"curies":[{"name":"wp","href":"https:\/\/api.w.org\/{rel}","templated":true}]}}